{"id":16637,"date":"2024-12-10T17:15:13","date_gmt":"2024-12-10T17:15:13","guid":{"rendered":"https:\/\/decorall.ge\/?post_type=product&#038;p=16637"},"modified":"2024-12-10T17:15:32","modified_gmt":"2024-12-10T17:15:32","slug":"%e1%83%92%e1%83%90%e1%83%97%e1%83%91%e1%83%9d%e1%83%91%e1%83%98%e1%83%a1-%e1%83%a5%e1%83%95%e1%83%90%e1%83%91%e1%83%98-de-s-24-28-32-40-%e1%83%99%e1%83%95%e1%83%a2","status":"publish","type":"product","link":"https:\/\/decorall.ge\/tr\/urun\/%e1%83%92%e1%83%90%e1%83%97%e1%83%91%e1%83%9d%e1%83%91%e1%83%98%e1%83%a1-%e1%83%a5%e1%83%95%e1%83%90%e1%83%91%e1%83%98-de-s-24-28-32-40-%e1%83%99%e1%83%95%e1%83%a2\/","title":{"rendered":"Is\u0131tma kazan\u0131 De-s 24, 28, 32, 40 kW"},"content":{"rendered":"","protected":false},"excerpt":{"rendered":"<ul>\n<li>\u0130ki \u0131s\u0131 de\u011fi\u015ftirici<\/li>\n<li>Dijital LED ekran<\/li>\n<li>Kullan\u0131m\u0131 kolay<\/li>\n<li>Enerji tasarrufu fonksiyonu<\/li>\n<li>Su pompas\u0131 \u2013 ultra sessiz<\/li>\n<li>Al\u00fcminyum ve bak\u0131r i\u00e7eri\u011fi<\/li>\n<li>0,05 MPa'dan ba\u015flayan d\u00fc\u015f\u00fck gaz bas\u0131nc\u0131nda \u00e7al\u0131\u015f\u0131r<\/li>\n<li>WIFI \u00fczerinden telefon kontrol\u00fc<\/li>\n<\/ul>","protected":false},"featured_media":16638,"template":"","meta":[],"product_brand":[],"product_cat":[76],"product_tag":[],"class_list":{"0":"post-16637","1":"product","2":"type-product","3":"status-publish","4":"has-post-thumbnail","6":"product_cat-76","8":"first","9":"instock","10":"shipping-taxable","11":"product-type-simple"},"_links":{"self":[{"href":"https:\/\/decorall.ge\/tr\/wp-json\/wp\/v2\/product\/16637","targetHints":{"allow":["GET"]}}],"collection":[{"href":"https:\/\/decorall.ge\/tr\/wp-json\/wp\/v2\/product"}],"about":[{"href":"https:\/\/decorall.ge\/tr\/wp-json\/wp\/v2\/types\/product"}],"wp:featuredmedia":[{"embeddable":true,"href":"https:\/\/decorall.ge\/tr\/wp-json\/wp\/v2\/media\/16638"}],"wp:attachment":[{"href":"https:\/\/decorall.ge\/tr\/wp-json\/wp\/v2\/media?parent=16637"}],"wp:term":[{"taxonomy":"product_brand","embeddable":true,"href":"https:\/\/decorall.ge\/tr\/wp-json\/wp\/v2\/product_brand?post=16637"},{"taxonomy":"product_cat","embeddable":true,"href":"https:\/\/decorall.ge\/tr\/wp-json\/wp\/v2\/product_cat?post=16637"},{"taxonomy":"product_tag","embeddable":true,"href":"https:\/\/decorall.ge\/tr\/wp-json\/wp\/v2\/product_tag?post=16637"}],"curies":[{"name":"wp","href":"https:\/\/api.w.org\/{rel}","templated":true}]}}