{"id":16821,"date":"2025-01-24T19:30:57","date_gmt":"2025-01-24T19:30:57","guid":{"rendered":"https:\/\/decorall.ge\/?post_type=product&#038;p=16821"},"modified":"2025-01-24T19:30:57","modified_gmt":"2025-01-24T19:30:57","slug":"%e1%83%a1%e1%83%98%e1%83%9a%e1%83%98%e1%83%99%e1%83%9d%e1%83%9c%e1%83%98%e1%83%90%e1%83%9c%e1%83%98-%e1%83%9b%e1%83%98%e1%83%9a%e1%83%98-decorall-ideal-flow-2","status":"publish","type":"product","link":"https:\/\/decorall.ge\/tr\/urun\/%e1%83%a1%e1%83%98%e1%83%9a%e1%83%98%e1%83%99%e1%83%9d%e1%83%9c%e1%83%98%e1%83%90%e1%83%9c%e1%83%98-%e1%83%9b%e1%83%98%e1%83%9a%e1%83%98-decorall-ideal-flow-2\/","title":{"rendered":"Silikon t\u00fcp \u2013 Decorall Ideal Flow"},"content":{"rendered":"","protected":false},"excerpt":{"rendered":"<p>Decorall Ideal Flow silikon borular \u2013 paslanmaz \u00e7elikten \u00fcretilmi\u015f, silikon kaplamal\u0131d\u0131r. Borular Avrupa kalite standartlar\u0131na uygundur ve y\u00fcksek s\u0131zd\u0131rmazl\u0131k ve dayan\u0131kl\u0131l\u0131klar\u0131yla \u00f6ne \u00e7\u0131kar. \u00c7e\u015fitli ebatlarda mevcuttur:<\/p>\n<ul>\n<li>F1\/2\u2033 x 10 x 60 mm (45 cm, 60 cm, 80 cm, 100 cm, 120 cm, 150 cm)<\/li>\n<li>F1\/2\u2033 x 10 x 80 mm (45 cm, 60 cm, 80 cm, 100 cm, 120 cm, 150 cm)<\/li>\n<\/ul>\n<p>Borunun \u00e7al\u0131\u015fma bas\u0131nc\u0131 2,0 MPa, maksimum bas\u0131n\u00e7 s\u0131n\u0131r\u0131 4,5 MPa ve s\u0131cakl\u0131k s\u0131n\u0131r\u0131 &lt; 95\u00b0C&#039;dir. Bu borular y\u00fcksek kalite ve dayan\u0131kl\u0131l\u0131klar\u0131yla \u00f6ne \u00e7\u0131kmaktad\u0131r.<\/p>","protected":false},"featured_media":16822,"template":"","meta":[],"product_brand":[],"product_cat":[78],"product_tag":[],"class_list":{"0":"post-16821","1":"product","2":"type-product","3":"status-publish","4":"has-post-thumbnail","6":"product_cat-78","8":"first","9":"instock","10":"shipping-taxable","11":"product-type-simple"},"_links":{"self":[{"href":"https:\/\/decorall.ge\/tr\/wp-json\/wp\/v2\/product\/16821","targetHints":{"allow":["GET"]}}],"collection":[{"href":"https:\/\/decorall.ge\/tr\/wp-json\/wp\/v2\/product"}],"about":[{"href":"https:\/\/decorall.ge\/tr\/wp-json\/wp\/v2\/types\/product"}],"wp:featuredmedia":[{"embeddable":true,"href":"https:\/\/decorall.ge\/tr\/wp-json\/wp\/v2\/media\/16822"}],"wp:attachment":[{"href":"https:\/\/decorall.ge\/tr\/wp-json\/wp\/v2\/media?parent=16821"}],"wp:term":[{"taxonomy":"product_brand","embeddable":true,"href":"https:\/\/decorall.ge\/tr\/wp-json\/wp\/v2\/product_brand?post=16821"},{"taxonomy":"product_cat","embeddable":true,"href":"https:\/\/decorall.ge\/tr\/wp-json\/wp\/v2\/product_cat?post=16821"},{"taxonomy":"product_tag","embeddable":true,"href":"https:\/\/decorall.ge\/tr\/wp-json\/wp\/v2\/product_tag?post=16821"}],"curies":[{"name":"wp","href":"https:\/\/api.w.org\/{rel}","templated":true}]}}