{"id":16862,"date":"2025-01-29T10:54:03","date_gmt":"2025-01-29T10:54:03","guid":{"rendered":"https:\/\/decorall.ge\/?post_type=product&#038;p=16862"},"modified":"2025-05-10T00:01:36","modified_gmt":"2025-05-10T00:01:36","slug":"%e1%83%91%e1%83%a0%e1%83%98%e1%83%9a%e1%83%98%e1%83%90%e1%83%9c%e1%83%a2%e1%83%98-pvc-%e1%83%a8%e1%83%9e%e1%83%9a%e1%83%90%e1%83%9c%e1%83%92%e1%83%98-%e1%83%9a%e1%83%90%e1%83%a2%e1%83%a3%e1%83%9c","status":"publish","type":"product","link":"https:\/\/decorall.ge\/tr\/urun\/%e1%83%91%e1%83%a0%e1%83%98%e1%83%9a%e1%83%98%e1%83%90%e1%83%9c%e1%83%a2%e1%83%98-pvc-%e1%83%a8%e1%83%9e%e1%83%9a%e1%83%90%e1%83%9c%e1%83%92%e1%83%98-%e1%83%9a%e1%83%90%e1%83%a2%e1%83%a3%e1%83%9c\/","title":{"rendered":"Pirin\u00e7 ekli Diamond PVC boru \u2013 du\u015f sistemi i\u00e7in esnek boru"},"content":{"rendered":"","protected":false},"excerpt":{"rendered":"<p>Decoral esnek hortum, y\u00fcksek kalitesi ve dayan\u0131kl\u0131l\u0131\u011f\u0131yla \u00f6ne \u00e7\u0131k\u0131yor. Du\u015f ba\u015fl\u0131klar\u0131 i\u00e7in esnek hortumlar \u00e7e\u015fitli tasar\u0131mlarda sunuluyor. 1,5 metre uzunlu\u011funda ve \u00bd-\u00bd ba\u015fl\u0131k boyutlar\u0131nda. Decoral ayr\u0131ca, musluklarda kullan\u0131lan \u00bd \u2013 \u00bd ba\u011flant\u0131 ve \u00bd \u2013 10 mm ba\u015fl\u0131k boyutlar\u0131na sahip \u00f6rg\u00fcl\u00fc esnek hortumlar da sunuyor. Esnek hortumlar en yeni y\u00f6ntemler kullan\u0131larak \u00fcretiliyor. Premium ve l\u00fcks olmak \u00fczere iki farkl\u0131 seri mevcut. Premium seri hortumu en y\u00fcksek kalitede, d\u0131\u015f k\u0131sm\u0131 pirin\u00e7 kapl\u0131, \u00f6rg\u00fcl\u00fc bir tasar\u0131ma sahip. L\u00fcks seri hortumlar\u0131 ise d\u0131\u015f k\u0131sm\u0131 \u015feffaf silikon kaplamal\u0131 \u00f6rg\u00fcl\u00fc bir tasar\u0131ma sahip.<\/p>\n<p>Tan\u0131m:<\/p>\n<p class=\" translation-block\">Test edilen bas\u0131n\u00e7: 45 BAR<br>\n\u00c7al\u0131\u015fma bas\u0131nc\u0131: 20 BAR<br>\n\u00c7ap \u2013 20 mm \u2013 \u00bd<br>\n\u00c7al\u0131\u015fma s\u0131cakl\u0131\u011f\u0131: en fazla 95 \u00b0C<\/p>","protected":false},"featured_media":16863,"template":"","meta":[],"product_brand":[],"product_cat":[78,82],"product_tag":[],"class_list":{"0":"post-16862","1":"product","2":"type-product","3":"status-publish","4":"has-post-thumbnail","6":"product_cat-78","7":"product_cat-82","9":"first","10":"instock","11":"shipping-taxable","12":"product-type-simple"},"_links":{"self":[{"href":"https:\/\/decorall.ge\/tr\/wp-json\/wp\/v2\/product\/16862","targetHints":{"allow":["GET"]}}],"collection":[{"href":"https:\/\/decorall.ge\/tr\/wp-json\/wp\/v2\/product"}],"about":[{"href":"https:\/\/decorall.ge\/tr\/wp-json\/wp\/v2\/types\/product"}],"wp:featuredmedia":[{"embeddable":true,"href":"https:\/\/decorall.ge\/tr\/wp-json\/wp\/v2\/media\/16863"}],"wp:attachment":[{"href":"https:\/\/decorall.ge\/tr\/wp-json\/wp\/v2\/media?parent=16862"}],"wp:term":[{"taxonomy":"product_brand","embeddable":true,"href":"https:\/\/decorall.ge\/tr\/wp-json\/wp\/v2\/product_brand?post=16862"},{"taxonomy":"product_cat","embeddable":true,"href":"https:\/\/decorall.ge\/tr\/wp-json\/wp\/v2\/product_cat?post=16862"},{"taxonomy":"product_tag","embeddable":true,"href":"https:\/\/decorall.ge\/tr\/wp-json\/wp\/v2\/product_tag?post=16862"}],"curies":[{"name":"wp","href":"https:\/\/api.w.org\/{rel}","templated":true}]}}