{"id":16875,"date":"2025-01-29T11:00:14","date_gmt":"2025-01-29T11:00:14","guid":{"rendered":"https:\/\/decorall.ge\/?post_type=product&#038;p=16875"},"modified":"2025-02-19T17:20:03","modified_gmt":"2025-02-19T17:20:03","slug":"smart-radiator-decorall-lm708","status":"publish","type":"product","link":"https:\/\/decorall.ge\/tr\/urun\/smart-radiator-decorall-lm708\/","title":{"rendered":"Ak\u0131ll\u0131 radyat\u00f6r DECORALL LM708"},"content":{"rendered":"","protected":false},"excerpt":{"rendered":"<p>Thermometer<\/p>\n<ul>\n<li>Gerilim: 230 V ac +10% \u2013 10% , 50\/60 Hz<\/li>\n<li>\u00c7al\u0131\u015fma g\u00fcc\u00fc: 2 watt<\/li>\n<li>Ortam s\u0131cakl\u0131\u011f\u0131: 0 ila +60 Santigrat<\/li>\n<li>Koruma seviyesi: IP 54<\/li>\n<li>Bile\u015fen malzemesi \/ renk: poliamid \/ beyaz ve siyah ba\u011flant\u0131 kablosu \/ renk: 2X 0.75 pvc \/ a\u00e7\u0131k gri kablo uzunlu\u011fu: 800mm<\/li>\n<li>Ba\u011flant\u0131 kablosuyla birlikte a\u011f\u0131rl\u0131k: 100 gram<\/li>\n<li>Gerilim korumas\u0131: EN60730-1'e g\u00f6re en az 2,5 kV<\/li>\n<\/ul>","protected":false},"featured_media":16876,"template":"","meta":[],"product_brand":[],"product_cat":[81],"product_tag":[],"class_list":{"0":"post-16875","1":"product","2":"type-product","3":"status-publish","4":"has-post-thumbnail","6":"product_cat-81","8":"first","9":"instock","10":"shipping-taxable","11":"product-type-simple"},"_links":{"self":[{"href":"https:\/\/decorall.ge\/tr\/wp-json\/wp\/v2\/product\/16875","targetHints":{"allow":["GET"]}}],"collection":[{"href":"https:\/\/decorall.ge\/tr\/wp-json\/wp\/v2\/product"}],"about":[{"href":"https:\/\/decorall.ge\/tr\/wp-json\/wp\/v2\/types\/product"}],"wp:featuredmedia":[{"embeddable":true,"href":"https:\/\/decorall.ge\/tr\/wp-json\/wp\/v2\/media\/16876"}],"wp:attachment":[{"href":"https:\/\/decorall.ge\/tr\/wp-json\/wp\/v2\/media?parent=16875"}],"wp:term":[{"taxonomy":"product_brand","embeddable":true,"href":"https:\/\/decorall.ge\/tr\/wp-json\/wp\/v2\/product_brand?post=16875"},{"taxonomy":"product_cat","embeddable":true,"href":"https:\/\/decorall.ge\/tr\/wp-json\/wp\/v2\/product_cat?post=16875"},{"taxonomy":"product_tag","embeddable":true,"href":"https:\/\/decorall.ge\/tr\/wp-json\/wp\/v2\/product_tag?post=16875"}],"curies":[{"name":"wp","href":"https:\/\/api.w.org\/{rel}","templated":true}]}}