{"id":16878,"date":"2025-01-29T11:00:41","date_gmt":"2025-01-29T11:00:41","guid":{"rendered":"https:\/\/decorall.ge\/?post_type=product&#038;p=16878"},"modified":"2025-02-19T17:19:59","modified_gmt":"2025-02-19T17:19:59","slug":"smart-radiator-decorall-lm715","status":"publish","type":"product","link":"https:\/\/decorall.ge\/tr\/urun\/smart-radiator-decorall-lm715\/","title":{"rendered":"Ak\u0131ll\u0131 radyat\u00f6r DECORALL LM715"},"content":{"rendered":"","protected":false},"excerpt":{"rendered":"<p>Thermometer<\/p>\n<p class=\" translation-block\">G\u00fc\u00e7 kayna\u011f\u0131: 2x1,5 AA pil<br>\nS\u0131cakl\u0131k aral\u0131\u011f\u0131: 5-35\u00b0C<br>\nOrtam s\u0131cakl\u0131\u011f\u0131: 0-50\u00b0C<br>\nS\u0131cakl\u0131k g\u00f6r\u00fcnt\u00fcleme do\u011frulu\u011fu: +- 1\u00b0C<br>\nOrtam s\u0131cakl\u0131\u011f\u0131 sabitli\u011fi: 10-60\u00b0C<br>\n\u0130leti\u015fim frekans\u0131: 2,405-2,48 GHZ<br>\n\u00dcr\u00fcn boyutu: 95,77 mm-50 mm<br>\n\u00dcr\u00fcn rengi: beyaz<br>\nG\u00fcvenlik uygulama standard\u0131: GB14536.1-2008<\/p>","protected":false},"featured_media":16879,"template":"","meta":[],"product_brand":[],"product_cat":[81],"product_tag":[],"class_list":{"0":"post-16878","1":"product","2":"type-product","3":"status-publish","4":"has-post-thumbnail","6":"product_cat-81","8":"first","9":"instock","10":"shipping-taxable","11":"product-type-simple"},"_links":{"self":[{"href":"https:\/\/decorall.ge\/tr\/wp-json\/wp\/v2\/product\/16878","targetHints":{"allow":["GET"]}}],"collection":[{"href":"https:\/\/decorall.ge\/tr\/wp-json\/wp\/v2\/product"}],"about":[{"href":"https:\/\/decorall.ge\/tr\/wp-json\/wp\/v2\/types\/product"}],"wp:featuredmedia":[{"embeddable":true,"href":"https:\/\/decorall.ge\/tr\/wp-json\/wp\/v2\/media\/16879"}],"wp:attachment":[{"href":"https:\/\/decorall.ge\/tr\/wp-json\/wp\/v2\/media?parent=16878"}],"wp:term":[{"taxonomy":"product_brand","embeddable":true,"href":"https:\/\/decorall.ge\/tr\/wp-json\/wp\/v2\/product_brand?post=16878"},{"taxonomy":"product_cat","embeddable":true,"href":"https:\/\/decorall.ge\/tr\/wp-json\/wp\/v2\/product_cat?post=16878"},{"taxonomy":"product_tag","embeddable":true,"href":"https:\/\/decorall.ge\/tr\/wp-json\/wp\/v2\/product_tag?post=16878"}],"curies":[{"name":"wp","href":"https:\/\/api.w.org\/{rel}","templated":true}]}}